{"id":115,"date":"2024-03-19T10:42:31","date_gmt":"2024-03-19T13:42:31","guid":{"rendered":"https:\/\/acrconstrutora.com\/urban\/?page_id=115"},"modified":"2025-07-14T13:42:07","modified_gmt":"2025-07-14T16:42:07","slug":"contato","status":"publish","type":"page","link":"https:\/\/acrconstrutora.com\/urban\/contato\/","title":{"rendered":"Contato"},"content":{"rendered":"\t\t<div data-elementor-type=\"wp-page\" data-elementor-id=\"115\" class=\"elementor elementor-115\" data-elementor-post-type=\"page\">\n\t\t\t\t<div data-particle_enable=\"false\" data-particle-mobile-disabled=\"false\" class=\"elementor-element elementor-element-51b69b9 e-con-full e-flex e-con e-parent\" data-id=\"51b69b9\" data-element_type=\"container\" data-settings=\"{&quot;_ha_eqh_enable&quot;:false}\">\n\t\t\t\t<div class=\"elementor-element elementor-element-44aeb96 elementor-widget elementor-widget-heading\" data-id=\"44aeb96\" data-element_type=\"widget\" data-widget_type=\"heading.default\">\n\t\t\t\t<div class=\"elementor-widget-container\">\n\t\t\t<h2 class=\"elementor-heading-title elementor-size-default\">Contato<\/h2>\t\t<\/div>\n\t\t\t\t<\/div>\n\t\t\t\t<\/div>\n\t\t<div data-particle_enable=\"false\" data-particle-mobile-disabled=\"false\" class=\"elementor-element elementor-element-100d8d1 e-con-full e-flex e-con e-parent\" data-id=\"100d8d1\" data-element_type=\"container\" data-settings=\"{&quot;_ha_eqh_enable&quot;:false}\">\n\t\t<div data-particle_enable=\"false\" data-particle-mobile-disabled=\"false\" class=\"elementor-element elementor-element-3f27cf4 e-con-full e-flex e-con e-child\" data-id=\"3f27cf4\" data-element_type=\"container\" data-settings=\"{&quot;_ha_eqh_enable&quot;:false}\">\n\t\t\t\t<div class=\"elementor-element elementor-element-cb96812 elementor-widget elementor-widget-shortcode\" data-id=\"cb96812\" data-element_type=\"widget\" data-widget_type=\"shortcode.default\">\n\t\t\t\t<div class=\"elementor-widget-container\">\n\t\t\t\t\t<div class=\"elementor-shortcode\">\t\t<div data-elementor-type=\"section\" data-elementor-id=\"148\" class=\"elementor elementor-148\" data-elementor-post-type=\"elementor_library\">\n\t\t\t<div data-particle_enable=\"false\" data-particle-mobile-disabled=\"false\" class=\"elementor-element elementor-element-7a1e1cc e-con-full e-flex e-con e-parent\" data-id=\"7a1e1cc\" data-element_type=\"container\" data-settings=\"{&quot;_ha_eqh_enable&quot;:false}\">\n\t\t\t\t<div class=\"elementor-element elementor-element-b18adde elementor-widget elementor-widget-heading\" data-id=\"b18adde\" data-element_type=\"widget\" data-widget_type=\"heading.default\">\n\t\t\t\t<div class=\"elementor-widget-container\">\n\t\t\t<h2 class=\"elementor-heading-title elementor-size-default\">ACR Grupo<\/h2>\t\t<\/div>\n\t\t\t\t<\/div>\n\t\t\t\t<div class=\"elementor-element elementor-element-09b1598 elementor-widget elementor-widget-text-editor\" data-id=\"09b1598\" data-element_type=\"widget\" data-widget_type=\"text-editor.default\">\n\t\t\t\t<div class=\"elementor-widget-container\">\n\t\t\t\t\t\t\t<p>Edif\u00edcio Parque Ana Costa<br>Av. Ana Costa 433, 18\u00ba andar<br>Gonzaga &#8211; Santos \/ SP<br>CEP 11060-002<\/p>\t\t\t\t\t\t<\/div>\n\t\t\t\t<\/div>\n\t\t\t\t<div class=\"elementor-element elementor-element-4240f9f elementor-mobile-align-center elementor-widget elementor-widget-button\" data-id=\"4240f9f\" data-element_type=\"widget\" data-widget_type=\"button.default\">\n\t\t\t\t<div class=\"elementor-widget-container\">\n\t\t\t\t\t\t\t<div class=\"elementor-button-wrapper\">\n\t\t\t\t\t<a class=\"elementor-button elementor-button-link elementor-size-sm elementor-animation-grow\" href=\"#\">\n\t\t\t\t\t\t<span class=\"elementor-button-content-wrapper\">\n\t\t\t\t\t\t<span class=\"elementor-button-icon\">\n\t\t\t\t<svg aria-hidden=\"true\" class=\"e-font-icon-svg e-fab-waze\" viewBox=\"0 0 512 512\" xmlns=\"http:\/\/www.w3.org\/2000\/svg\"><path d=\"M502.17 201.67C516.69 287.53 471.23 369.59 389 409.8c13 34.1-12.4 70.2-48.32 70.2a51.68 51.68 0 0 1-51.57-49c-6.44.19-64.2 0-76.33-.64A51.69 51.69 0 0 1 159 479.92c-33.86-1.36-57.95-34.84-47-67.92-37.21-13.11-72.54-34.87-99.62-70.8-13-17.28-.48-41.8 20.84-41.8 46.31 0 32.22-54.17 43.15-110.26C94.8 95.2 193.12 32 288.09 32c102.48 0 197.15 70.67 214.08 169.67zM373.51 388.28c42-19.18 81.33-56.71 96.29-102.14 40.48-123.09-64.15-228-181.71-228-83.45 0-170.32 55.42-186.07 136-9.53 48.91 5 131.35-68.75 131.35C58.21 358.6 91.6 378.11 127 389.54c24.66-21.8 63.87-15.47 79.83 14.34 14.22 1 79.19 1.18 87.9.82a51.69 51.69 0 0 1 78.78-16.42zM205.12 187.13c0-34.74 50.84-34.75 50.84 0s-50.84 34.74-50.84 0zm116.57 0c0-34.74 50.86-34.75 50.86 0s-50.86 34.75-50.86 0zm-122.61 70.69c-3.44-16.94 22.18-22.18 25.62-5.21l.06.28c4.14 21.42 29.85 44 64.12 43.07 35.68-.94 59.25-22.21 64.11-42.77 4.46-16.05 28.6-10.36 25.47 6-5.23 22.18-31.21 62-91.46 62.9-42.55 0-80.88-27.84-87.9-64.25z\"><\/path><\/svg>\t\t\t<\/span>\n\t\t\t\t\t\t\t\t\t<span class=\"elementor-button-text\">Abrir no Waze<\/span>\n\t\t\t\t\t<\/span>\n\t\t\t\t\t<\/a>\n\t\t\t\t<\/div>\n\t\t\t\t\t\t<\/div>\n\t\t\t\t<\/div>\n\t\t\t\t<div class=\"elementor-element elementor-element-641e605 elementor-widget elementor-widget-heading\" data-id=\"641e605\" data-element_type=\"widget\" data-widget_type=\"heading.default\">\n\t\t\t\t<div class=\"elementor-widget-container\">\n\t\t\t<h2 class=\"elementor-heading-title elementor-size-default\">Fone\/Whatsapp<\/h2>\t\t<\/div>\n\t\t\t\t<\/div>\n\t\t\t\t<div class=\"elementor-element elementor-element-e54c258 elementor-widget elementor-widget-text-editor\" data-id=\"e54c258\" data-element_type=\"widget\" data-widget_type=\"text-editor.default\">\n\t\t\t\t<div class=\"elementor-widget-container\">\n\t\t\t\t\t\t\t<p>(13) 3394-9837<\/p>\t\t\t\t\t\t<\/div>\n\t\t\t\t<\/div>\n\t\t\t\t<div class=\"elementor-element elementor-element-26bd994 elementor-widget elementor-widget-heading\" data-id=\"26bd994\" data-element_type=\"widget\" data-widget_type=\"heading.default\">\n\t\t\t\t<div class=\"elementor-widget-container\">\n\t\t\t<h2 class=\"elementor-heading-title elementor-size-default\">CNPJ<\/h2>\t\t<\/div>\n\t\t\t\t<\/div>\n\t\t\t\t<div class=\"elementor-element elementor-element-52bf532 elementor-widget elementor-widget-text-editor\" data-id=\"52bf532\" data-element_type=\"widget\" data-widget_type=\"text-editor.default\">\n\t\t\t\t<div class=\"elementor-widget-container\">\n\t\t\t\t\t\t\t<p>18.718.949\/0001-97<\/p>\t\t\t\t\t\t<\/div>\n\t\t\t\t<\/div>\n\t\t\t\t<div class=\"elementor-element elementor-element-66f1162 elementor-widget elementor-widget-heading\" data-id=\"66f1162\" data-element_type=\"widget\" data-widget_type=\"heading.default\">\n\t\t\t\t<div class=\"elementor-widget-container\">\n\t\t\t<h2 class=\"elementor-heading-title elementor-size-default\">CRECI<\/h2>\t\t<\/div>\n\t\t\t\t<\/div>\n\t\t\t\t<div class=\"elementor-element elementor-element-d46fdbc elementor-widget elementor-widget-text-editor\" data-id=\"d46fdbc\" data-element_type=\"widget\" data-widget_type=\"text-editor.default\">\n\t\t\t\t<div class=\"elementor-widget-container\">\n\t\t\t\t\t\t\t<p>36015-J<\/p>\t\t\t\t\t\t<\/div>\n\t\t\t\t<\/div>\n\t\t\t\t<\/div>\n\t\t\t\t<\/div>\n\t\t<\/div>\n\t\t\t\t<\/div>\n\t\t\t\t<\/div>\n\t\t\t\t<\/div>\n\t\t<div data-particle_enable=\"false\" data-particle-mobile-disabled=\"false\" class=\"elementor-element elementor-element-5e48dc4 e-con-full e-flex e-con e-child\" data-id=\"5e48dc4\" data-element_type=\"container\" data-settings=\"{&quot;_ha_eqh_enable&quot;:false}\">\n\t\t\t\t<div class=\"elementor-element elementor-element-9d12f49 elementor-widget elementor-widget-shortcode\" data-id=\"9d12f49\" data-element_type=\"widget\" id=\"formulariosContato3802\" data-widget_type=\"shortcode.default\">\n\t\t\t\t<div class=\"elementor-widget-container\">\n\t\t\t\t\t<div class=\"elementor-shortcode\"><div class=\"wpforms-container wpforms-container-full wpforms-render-modern\" id=\"wpforms-2461\"><form id=\"wpforms-form-2461\" class=\"wpforms-validate wpforms-form wpforms-ajax-form\" data-formid=\"2461\" method=\"post\" enctype=\"multipart\/form-data\" action=\"\/urban\/wp-json\/wp\/v2\/pages\/115\"><noscript class=\"wpforms-error-noscript\">Ative o JavaScript no seu navegador para preencher este formul\u00e1rio.<\/noscript><div class=\"wpforms-hidden\" id=\"wpforms-error-noscript\">Ative o JavaScript no seu navegador para preencher este formul\u00e1rio.<\/div><div class=\"wpforms-field-container\"><div id=\"wpforms-2461-field_0-container\" class=\"wpforms-field wpforms-field-name\" data-field-id=\"0\"><label class=\"wpforms-field-label\" for=\"wpforms-2461-field_0\">Nome <span class=\"wpforms-required-label\" aria-hidden=\"true\">*<\/span><\/label><input type=\"text\" id=\"wpforms-2461-field_0\" class=\"wpforms-field-large wpforms-field-required\" name=\"wpforms[fields][0]\" aria-errormessage=\"wpforms-2461-field_0-error\" required><\/div><div id=\"wpforms-2461-field_1-container\" class=\"wpforms-field wpforms-field-email\" data-field-id=\"1\"><label class=\"wpforms-field-label\" for=\"wpforms-2461-field_1\">E-mail <span class=\"wpforms-required-label\" aria-hidden=\"true\">*<\/span><\/label><input type=\"email\" id=\"wpforms-2461-field_1\" class=\"wpforms-field-large wpforms-field-required\" name=\"wpforms[fields][1]\" spellcheck=\"false\" aria-errormessage=\"wpforms-2461-field_1-error\" required><\/div><div id=\"wpforms-2461-field_4-container\" class=\"wpforms-field wpforms-field-text\" data-field-id=\"4\"><label class=\"wpforms-field-label\" for=\"wpforms-2461-field_4\">Telefone <span class=\"wpforms-required-label\" aria-hidden=\"true\">*<\/span><\/label><input type=\"text\" id=\"wpforms-2461-field_4\" class=\"wpforms-field-large wpforms-field-required wpforms-masked-input\" data-rule-inputmask-incomplete=\"1\" data-inputmask-mask=\"+55 (99) 9999-9999\" name=\"wpforms[fields][4]\" placeholder=\"+55 (99) 9999-9999\" aria-errormessage=\"wpforms-2461-field_4-error\" required><\/div><div id=\"wpforms-2461-field_11-container\" class=\"wpforms-field wpforms-field-textarea\" data-field-id=\"11\"><label class=\"wpforms-field-label\" for=\"wpforms-2461-field_11\">Mensagem <span class=\"wpforms-required-label\" aria-hidden=\"true\">*<\/span><\/label><textarea id=\"wpforms-2461-field_11\" class=\"wpforms-field-large wpforms-field-required\" name=\"wpforms[fields][11]\" aria-errormessage=\"wpforms-2461-field_11-error\" required><\/textarea><\/div><\/div><!-- .wpforms-field-container --><div class=\"wpforms-submit-container\" ><input type=\"hidden\" name=\"wpforms[id]\" value=\"2461\"><input type=\"hidden\" name=\"wpforms[author]\" value=\"1\"><input type=\"hidden\" class=\"wpforms-token\" name=\"wpforms[token]\" value=\"eca724c03959a9f3f1ddfeea75541e9e\" \/><button type=\"submit\" name=\"wpforms[submit]\" id=\"wpforms-submit-2461\" class=\"wpforms-submit\" data-alt-text=\"Enviando\u2026\" data-submit-text=\"ENVIAR MENSAGEM\" aria-live=\"assertive\" value=\"wpforms-submit\">ENVIAR MENSAGEM<\/button><img decoding=\"async\" data-src=\"https:\/\/acrconstrutora.com\/urban\/wp-content\/plugins\/wpforms\/assets\/images\/submit-spin.svg\" class=\"wpforms-submit-spinner lazyload\" style=\"--smush-placeholder-width: 26px; --smush-placeholder-aspect-ratio: 26\/26;display: none;\" width=\"26\" height=\"26\" alt=\"Carregando\" src=\"data:image\/gif;base64,R0lGODlhAQABAAAAACH5BAEKAAEALAAAAAABAAEAAAICTAEAOw==\"><noscript><img decoding=\"async\" src=\"https:\/\/acrconstrutora.com\/urban\/wp-content\/plugins\/wpforms\/assets\/images\/submit-spin.svg\" class=\"wpforms-submit-spinner\" style=\"display: none;\" width=\"26\" height=\"26\" alt=\"Carregando\"><\/noscript><\/div><\/form><\/div>  <!-- .wpforms-container --><\/div>\n\t\t\t\t<\/div>\n\t\t\t\t<\/div>\n\t\t\t\t<\/div>\n\t\t\t\t<\/div>\n\t\t<div data-particle_enable=\"false\" data-particle-mobile-disabled=\"false\" class=\"elementor-element elementor-element-16d48a4 e-con-full e-flex e-con e-parent\" data-id=\"16d48a4\" data-element_type=\"container\" data-settings=\"{&quot;_ha_eqh_enable&quot;:false}\">\n\t\t\t\t<div class=\"elementor-element elementor-element-3cdc8d1 elementor-widget elementor-widget-shortcode\" data-id=\"3cdc8d1\" data-element_type=\"widget\" data-widget_type=\"shortcode.default\">\n\t\t\t\t<div class=\"elementor-widget-container\">\n\t\t\t\t\t<div class=\"elementor-shortcode\">\t\t<div data-elementor-type=\"section\" data-elementor-id=\"112\" class=\"elementor elementor-112\" data-elementor-post-type=\"elementor_library\">\n\t\t\t<div data-particle_enable=\"false\" data-particle-mobile-disabled=\"false\" class=\"elementor-element elementor-element-b4e1088 e-con-full e-flex e-con e-parent\" data-id=\"b4e1088\" data-element_type=\"container\" data-settings=\"{&quot;_ha_eqh_enable&quot;:false}\">\n\t\t\t\t<div class=\"elementor-element elementor-element-723dde7 elementor-widget elementor-widget-google_maps\" data-id=\"723dde7\" data-element_type=\"widget\" data-widget_type=\"google_maps.default\">\n\t\t\t\t<div class=\"elementor-widget-container\">\n\t\t\t\t\t<div class=\"elementor-custom-embed\">\n\t\t\t<iframe\n\t\t\t\t\tdata-src=\"https:\/\/maps.google.com\/maps?q=AV.%20Ana%20Costa%20433%2C%20Gonzaga%2C%20Santos%2C%20SP&#038;t=m&#038;z=18&#038;output=embed&#038;iwloc=near\"\n\t\t\t\t\ttitle=\"AV. Ana Costa 433, Gonzaga, Santos, SP\"\n\t\t\t\t\taria-label=\"AV. Ana Costa 433, Gonzaga, Santos, SP\"\n\t\t\t src=\"data:image\/gif;base64,R0lGODlhAQABAAAAACH5BAEKAAEALAAAAAABAAEAAAICTAEAOw==\" class=\"lazyload\" data-load-mode=\"1\"><\/iframe>\n\t\t<\/div>\n\t\t\t\t<\/div>\n\t\t\t\t<\/div>\n\t\t\t\t<\/div>\n\t\t\t\t<\/div>\n\t\t<\/div>\n\t\t\t\t<\/div>\n\t\t\t\t<\/div>\n\t\t\t\t<\/div>\n\t\t\t\t<\/div>\n\t\t","protected":false},"excerpt":{"rendered":"<p>Contato<\/p>\n","protected":false},"author":1,"featured_media":4570,"parent":0,"menu_order":0,"comment_status":"closed","ping_status":"closed","template":"elementor_header_footer","meta":{"om_disable_all_campaigns":false,"_relevanssi_hide_post":"","_relevanssi_hide_content":"","_relevanssi_pin_for_all":"","_relevanssi_pin_keywords":"","_relevanssi_unpin_keywords":"","_relevanssi_related_keywords":"","_relevanssi_related_include_ids":"","_relevanssi_related_exclude_ids":"","_relevanssi_related_no_append":"","_relevanssi_related_not_related":"","_relevanssi_related_posts":"","_relevanssi_noindex_reason":"","ocean_post_layout":"","ocean_both_sidebars_style":"","ocean_both_sidebars_content_width":0,"ocean_both_sidebars_sidebars_width":0,"ocean_sidebar":"0","ocean_second_sidebar":"0","ocean_disable_margins":"enable","ocean_add_body_class":"","ocean_shortcode_before_top_bar":"","ocean_shortcode_after_top_bar":"","ocean_shortcode_before_header":"","ocean_shortcode_after_header":"","ocean_has_shortcode":"","ocean_shortcode_after_title":"","ocean_shortcode_before_footer_widgets":"","ocean_shortcode_after_footer_widgets":"","ocean_shortcode_before_footer_bottom":"","ocean_shortcode_after_footer_bottom":"","ocean_display_top_bar":"default","ocean_display_header":"default","ocean_header_style":"","ocean_center_header_left_menu":"0","ocean_custom_header_template":"0","ocean_custom_logo":0,"ocean_custom_retina_logo":0,"ocean_custom_logo_max_width":0,"ocean_custom_logo_tablet_max_width":0,"ocean_custom_logo_mobile_max_width":0,"ocean_custom_logo_max_height":0,"ocean_custom_logo_tablet_max_height":0,"ocean_custom_logo_mobile_max_height":0,"ocean_header_custom_menu":"0","ocean_menu_typo_font_family":"0","ocean_menu_typo_font_subset":"","ocean_menu_typo_font_size":0,"ocean_menu_typo_font_size_tablet":0,"ocean_menu_typo_font_size_mobile":0,"ocean_menu_typo_font_size_unit":"px","ocean_menu_typo_font_weight":"","ocean_menu_typo_font_weight_tablet":"","ocean_menu_typo_font_weight_mobile":"","ocean_menu_typo_transform":"","ocean_menu_typo_transform_tablet":"","ocean_menu_typo_transform_mobile":"","ocean_menu_typo_line_height":0,"ocean_menu_typo_line_height_tablet":0,"ocean_menu_typo_line_height_mobile":0,"ocean_menu_typo_line_height_unit":"","ocean_menu_typo_spacing":0,"ocean_menu_typo_spacing_tablet":0,"ocean_menu_typo_spacing_mobile":0,"ocean_menu_typo_spacing_unit":"","ocean_menu_link_color":"","ocean_menu_link_color_hover":"","ocean_menu_link_color_active":"","ocean_menu_link_background":"","ocean_menu_link_hover_background":"","ocean_menu_link_active_background":"","ocean_menu_social_links_bg":"","ocean_menu_social_hover_links_bg":"","ocean_menu_social_links_color":"","ocean_menu_social_hover_links_color":"","ocean_disable_title":"default","ocean_disable_heading":"default","ocean_post_title":"","ocean_post_subheading":"","ocean_post_title_style":"","ocean_post_title_background_color":"","ocean_post_title_background":0,"ocean_post_title_bg_image_position":"","ocean_post_title_bg_image_attachment":"","ocean_post_title_bg_image_repeat":"","ocean_post_title_bg_image_size":"","ocean_post_title_height":0,"ocean_post_title_bg_overlay":0.5,"ocean_post_title_bg_overlay_color":"","ocean_disable_breadcrumbs":"default","ocean_breadcrumbs_color":"","ocean_breadcrumbs_separator_color":"","ocean_breadcrumbs_links_color":"","ocean_breadcrumbs_links_hover_color":"","ocean_display_footer_widgets":"default","ocean_display_footer_bottom":"default","ocean_custom_footer_template":"0","footnotes":""},"class_list":["post-115","page","type-page","status-publish","has-post-thumbnail","hentry","entry","has-media"],"yoast_head":"<!-- This site is optimized with the Yoast SEO Premium plugin v22.2 (Yoast SEO v23.8) - https:\/\/yoast.com\/wordpress\/plugins\/seo\/ -->\n<title>Entre em contato e fale conosco - ACR Urban<\/title>\n<meta name=\"description\" content=\"Entre em contato com a ACR Urban para tirar d\u00favidas, solicitar informa\u00e7\u00f5es ou falar sobre nossos empreendimentos em S\u00e3o Vicente e Cubat\u00e3o\" \/>\n<meta name=\"robots\" content=\"index, follow, max-snippet:-1, max-image-preview:large, max-video-preview:-1\" \/>\n<link rel=\"canonical\" href=\"https:\/\/acrconstrutora.com\/urban\/contato\/\" \/>\n<meta property=\"og:locale\" content=\"pt_BR\" \/>\n<meta property=\"og:type\" content=\"article\" \/>\n<meta property=\"og:title\" content=\"Contato\" \/>\n<meta property=\"og:description\" content=\"Entre em contato com a ACR Urban para tirar d\u00favidas, solicitar informa\u00e7\u00f5es ou falar sobre nossos empreendimentos em S\u00e3o Vicente e Cubat\u00e3o\" \/>\n<meta property=\"og:url\" content=\"https:\/\/acrconstrutora.com\/urban\/contato\/\" \/>\n<meta property=\"og:site_name\" content=\"ACR Urban\" \/>\n<meta property=\"article:modified_time\" content=\"2025-07-14T16:42:07+00:00\" \/>\n<meta property=\"og:image\" content=\"https:\/\/acrconstrutora.com\/urban\/wp-content\/uploads\/2024\/12\/seo-acrurban1.png\" \/>\n\t<meta property=\"og:image:width\" content=\"1536\" \/>\n\t<meta property=\"og:image:height\" content=\"1536\" \/>\n\t<meta property=\"og:image:type\" content=\"image\/png\" \/>\n<meta name=\"twitter:card\" content=\"summary_large_image\" \/>\n<meta name=\"twitter:label1\" content=\"Est. tempo de leitura\" \/>\n\t<meta name=\"twitter:data1\" content=\"1 minuto\" \/>\n<script type=\"application\/ld+json\" class=\"yoast-schema-graph\">{\"@context\":\"https:\/\/schema.org\",\"@graph\":[{\"@type\":\"WebPage\",\"@id\":\"https:\/\/acrconstrutora.com\/urban\/contato\/\",\"url\":\"https:\/\/acrconstrutora.com\/urban\/contato\/\",\"name\":\"Entre em contato e fale conosco - ACR Urban\",\"isPartOf\":{\"@id\":\"https:\/\/acrconstrutora.com\/urban\/#website\"},\"primaryImageOfPage\":{\"@id\":\"https:\/\/acrconstrutora.com\/urban\/contato\/#primaryimage\"},\"image\":{\"@id\":\"https:\/\/acrconstrutora.com\/urban\/contato\/#primaryimage\"},\"thumbnailUrl\":\"https:\/\/acrconstrutora.com\/urban\/wp-content\/uploads\/2024\/12\/seo-acrurban1.png\",\"datePublished\":\"2024-03-19T13:42:31+00:00\",\"dateModified\":\"2025-07-14T16:42:07+00:00\",\"description\":\"Entre em contato com a ACR Urban para tirar d\u00favidas, solicitar informa\u00e7\u00f5es ou falar sobre nossos empreendimentos em S\u00e3o Vicente e Cubat\u00e3o\",\"breadcrumb\":{\"@id\":\"https:\/\/acrconstrutora.com\/urban\/contato\/#breadcrumb\"},\"inLanguage\":\"pt-BR\",\"potentialAction\":[{\"@type\":\"ReadAction\",\"target\":[\"https:\/\/acrconstrutora.com\/urban\/contato\/\"]}]},{\"@type\":\"ImageObject\",\"inLanguage\":\"pt-BR\",\"@id\":\"https:\/\/acrconstrutora.com\/urban\/contato\/#primaryimage\",\"url\":\"https:\/\/acrconstrutora.com\/urban\/wp-content\/uploads\/2024\/12\/seo-acrurban1.png\",\"contentUrl\":\"https:\/\/acrconstrutora.com\/urban\/wp-content\/uploads\/2024\/12\/seo-acrurban1.png\",\"width\":1536,\"height\":1536},{\"@type\":\"BreadcrumbList\",\"@id\":\"https:\/\/acrconstrutora.com\/urban\/contato\/#breadcrumb\",\"itemListElement\":[{\"@type\":\"ListItem\",\"position\":1,\"name\":\"In\u00edcio\",\"item\":\"https:\/\/acrconstrutora.com\/urban\/\"},{\"@type\":\"ListItem\",\"position\":2,\"name\":\"Contato\"}]},{\"@type\":\"WebSite\",\"@id\":\"https:\/\/acrconstrutora.com\/urban\/#website\",\"url\":\"https:\/\/acrconstrutora.com\/urban\/\",\"name\":\"ACR Urban\",\"description\":\"\",\"publisher\":{\"@id\":\"https:\/\/acrconstrutora.com\/urban\/#organization\"},\"potentialAction\":[{\"@type\":\"SearchAction\",\"target\":{\"@type\":\"EntryPoint\",\"urlTemplate\":\"https:\/\/acrconstrutora.com\/urban\/?s={search_term_string}\"},\"query-input\":{\"@type\":\"PropertyValueSpecification\",\"valueRequired\":true,\"valueName\":\"search_term_string\"}}],\"inLanguage\":\"pt-BR\"},{\"@type\":\"Organization\",\"@id\":\"https:\/\/acrconstrutora.com\/urban\/#organization\",\"name\":\"ACR Urban\",\"url\":\"https:\/\/acrconstrutora.com\/urban\/\",\"logo\":{\"@type\":\"ImageObject\",\"inLanguage\":\"pt-BR\",\"@id\":\"https:\/\/acrconstrutora.com\/urban\/#\/schema\/logo\/image\/\",\"url\":\"https:\/\/acrconstrutora.com\/urban\/wp-content\/uploads\/2024\/03\/cropped-logo-select.png\",\"contentUrl\":\"https:\/\/acrconstrutora.com\/urban\/wp-content\/uploads\/2024\/03\/cropped-logo-select.png\",\"width\":282,\"height\":40,\"caption\":\"ACR Urban\"},\"image\":{\"@id\":\"https:\/\/acrconstrutora.com\/urban\/#\/schema\/logo\/image\/\"}}]}<\/script>\n<!-- \/ Yoast SEO Premium plugin. -->","yoast_head_json":{"title":"Entre em contato e fale conosco - ACR Urban","description":"Entre em contato com a ACR Urban para tirar d\u00favidas, solicitar informa\u00e7\u00f5es ou falar sobre nossos empreendimentos em S\u00e3o Vicente e Cubat\u00e3o","robots":{"index":"index","follow":"follow","max-snippet":"max-snippet:-1","max-image-preview":"max-image-preview:large","max-video-preview":"max-video-preview:-1"},"canonical":"https:\/\/acrconstrutora.com\/urban\/contato\/","og_locale":"pt_BR","og_type":"article","og_title":"Contato","og_description":"Entre em contato com a ACR Urban para tirar d\u00favidas, solicitar informa\u00e7\u00f5es ou falar sobre nossos empreendimentos em S\u00e3o Vicente e Cubat\u00e3o","og_url":"https:\/\/acrconstrutora.com\/urban\/contato\/","og_site_name":"ACR Urban","article_modified_time":"2025-07-14T16:42:07+00:00","og_image":[{"width":1536,"height":1536,"url":"https:\/\/acrconstrutora.com\/urban\/wp-content\/uploads\/2024\/12\/seo-acrurban1.png","type":"image\/png"}],"twitter_card":"summary_large_image","twitter_misc":{"Est. tempo de leitura":"1 minuto"},"schema":{"@context":"https:\/\/schema.org","@graph":[{"@type":"WebPage","@id":"https:\/\/acrconstrutora.com\/urban\/contato\/","url":"https:\/\/acrconstrutora.com\/urban\/contato\/","name":"Entre em contato e fale conosco - ACR Urban","isPartOf":{"@id":"https:\/\/acrconstrutora.com\/urban\/#website"},"primaryImageOfPage":{"@id":"https:\/\/acrconstrutora.com\/urban\/contato\/#primaryimage"},"image":{"@id":"https:\/\/acrconstrutora.com\/urban\/contato\/#primaryimage"},"thumbnailUrl":"https:\/\/acrconstrutora.com\/urban\/wp-content\/uploads\/2024\/12\/seo-acrurban1.png","datePublished":"2024-03-19T13:42:31+00:00","dateModified":"2025-07-14T16:42:07+00:00","description":"Entre em contato com a ACR Urban para tirar d\u00favidas, solicitar informa\u00e7\u00f5es ou falar sobre nossos empreendimentos em S\u00e3o Vicente e Cubat\u00e3o","breadcrumb":{"@id":"https:\/\/acrconstrutora.com\/urban\/contato\/#breadcrumb"},"inLanguage":"pt-BR","potentialAction":[{"@type":"ReadAction","target":["https:\/\/acrconstrutora.com\/urban\/contato\/"]}]},{"@type":"ImageObject","inLanguage":"pt-BR","@id":"https:\/\/acrconstrutora.com\/urban\/contato\/#primaryimage","url":"https:\/\/acrconstrutora.com\/urban\/wp-content\/uploads\/2024\/12\/seo-acrurban1.png","contentUrl":"https:\/\/acrconstrutora.com\/urban\/wp-content\/uploads\/2024\/12\/seo-acrurban1.png","width":1536,"height":1536},{"@type":"BreadcrumbList","@id":"https:\/\/acrconstrutora.com\/urban\/contato\/#breadcrumb","itemListElement":[{"@type":"ListItem","position":1,"name":"In\u00edcio","item":"https:\/\/acrconstrutora.com\/urban\/"},{"@type":"ListItem","position":2,"name":"Contato"}]},{"@type":"WebSite","@id":"https:\/\/acrconstrutora.com\/urban\/#website","url":"https:\/\/acrconstrutora.com\/urban\/","name":"ACR Urban","description":"","publisher":{"@id":"https:\/\/acrconstrutora.com\/urban\/#organization"},"potentialAction":[{"@type":"SearchAction","target":{"@type":"EntryPoint","urlTemplate":"https:\/\/acrconstrutora.com\/urban\/?s={search_term_string}"},"query-input":{"@type":"PropertyValueSpecification","valueRequired":true,"valueName":"search_term_string"}}],"inLanguage":"pt-BR"},{"@type":"Organization","@id":"https:\/\/acrconstrutora.com\/urban\/#organization","name":"ACR Urban","url":"https:\/\/acrconstrutora.com\/urban\/","logo":{"@type":"ImageObject","inLanguage":"pt-BR","@id":"https:\/\/acrconstrutora.com\/urban\/#\/schema\/logo\/image\/","url":"https:\/\/acrconstrutora.com\/urban\/wp-content\/uploads\/2024\/03\/cropped-logo-select.png","contentUrl":"https:\/\/acrconstrutora.com\/urban\/wp-content\/uploads\/2024\/03\/cropped-logo-select.png","width":282,"height":40,"caption":"ACR Urban"},"image":{"@id":"https:\/\/acrconstrutora.com\/urban\/#\/schema\/logo\/image\/"}}]}},"_links":{"self":[{"href":"https:\/\/acrconstrutora.com\/urban\/wp-json\/wp\/v2\/pages\/115","targetHints":{"allow":["GET"]}}],"collection":[{"href":"https:\/\/acrconstrutora.com\/urban\/wp-json\/wp\/v2\/pages"}],"about":[{"href":"https:\/\/acrconstrutora.com\/urban\/wp-json\/wp\/v2\/types\/page"}],"author":[{"embeddable":true,"href":"https:\/\/acrconstrutora.com\/urban\/wp-json\/wp\/v2\/users\/1"}],"replies":[{"embeddable":true,"href":"https:\/\/acrconstrutora.com\/urban\/wp-json\/wp\/v2\/comments?post=115"}],"version-history":[{"count":0,"href":"https:\/\/acrconstrutora.com\/urban\/wp-json\/wp\/v2\/pages\/115\/revisions"}],"wp:featuredmedia":[{"embeddable":true,"href":"https:\/\/acrconstrutora.com\/urban\/wp-json\/wp\/v2\/media\/4570"}],"wp:attachment":[{"href":"https:\/\/acrconstrutora.com\/urban\/wp-json\/wp\/v2\/media?parent=115"}],"curies":[{"name":"wp","href":"https:\/\/api.w.org\/{rel}","templated":true}]}}